{"id":2901,"date":"2021-11-01T08:32:24","date_gmt":"2021-11-01T08:32:24","guid":{"rendered":"https:\/\/www.brandital.com\/diasa\/?page_id=3"},"modified":"2021-11-01T08:32:24","modified_gmt":"2021-11-01T08:32:24","slug":"aviso-de-privacidad","status":"publish","type":"page","link":"https:\/\/diasasoluciones.com\/en\/aviso-de-privacidad\/","title":{"rendered":"Aviso de Privacidad"},"content":{"rendered":"<p>Mediante este aviso electr\u00f3nico DIASA Soluciones S.A. de C.V. le informa que con fundamento en lo establecido por la Ley Federal de Protecci\u00f3n de Datos Personales en Posesi\u00f3n de los Particulares, en estricto cumplimiento a los requerimientos se\u00f1alados para el Aviso de Privacidad le comunicamos que la informaci\u00f3n personal que proporciona es CONFIDENCIAL y por ning\u00fan motivo ser\u00e1 transferida a terceros con el compromiso de salvaguardar su confidencialidad.<\/p>\n\n\n\n<p>DIASA Soluciones S.A. de C.V., recabar\u00e1 sus datos personales con la finalidad de generar un expediente de contacto como cliente; elaborar la cotizaci\u00f3n correspondiente; elaborar el reporte correspondiente al servicio que le prestemos; realizar las gestiones necesarias de contacto tanto para la prestaci\u00f3n del servicio como para el seguimiento de satisfacci\u00f3n y cobro del mismo; emitir la factura fiscal que genere la prestaci\u00f3n de nuestro servicio.<\/p>\n\n\n\n<p>Se informa que no se realizar\u00e1n transferencias de datos personales, salvo aqu\u00e9llas que sean exigidas por alguna autoridad competente para atender requerimientos de informaci\u00f3n, debidamente fundados y motivados de conformidad con la normatividad aplicable vigente.<\/p>\n\n\n\n<p>La reproducci\u00f3n de sus datos personales ser\u00e1 \u00fanicamente a trav\u00e9s de nuestro sitio web: www.diasasoluciones.com, exclusivamente respecto del signo distintivo de cada persona y con fines informativos para dar a conocer nuestro portafolio de clientes, previa autorizaci\u00f3n expresa de cada cliente.<\/p>\n\n\n\n<p>Para estas finalidades y\/o transferencias requerimos de su consentimiento, por lo que, si no desea que sus datos personales sean tratados para esta finalidad y\/o transferidos, podr\u00e1 manifestarlo al momento en que se le ponga a disposici\u00f3n el formato correspondiente.<\/p>","protected":false},"excerpt":{"rendered":"<p>Mediante este aviso electr\u00f3nico DIASA Soluciones S.A. de C.V. le informa que con fundamento en lo establecido por la Ley Federal de Protecci\u00f3n de Datos Personales en Posesi\u00f3n de los [&hellip;]<\/p>\n<p><a href=\"https:\/\/diasasoluciones.com\/en\/aviso-de-privacidad\/\" class=\"more-link style3-button\">Read More<\/a><\/p>","protected":false},"author":1,"featured_media":0,"parent":0,"menu_order":0,"comment_status":"closed","ping_status":"open","template":"","meta":{"nf_dc_page":"","om_disable_all_campaigns":false,"footnotes":""},"class_list":["post-2901","page","type-page","status-publish","hentry"],"jetpack_sharing_enabled":true,"_links":{"self":[{"href":"https:\/\/diasasoluciones.com\/en\/wp-json\/wp\/v2\/pages\/2901","targetHints":{"allow":["GET"]}}],"collection":[{"href":"https:\/\/diasasoluciones.com\/en\/wp-json\/wp\/v2\/pages"}],"about":[{"href":"https:\/\/diasasoluciones.com\/en\/wp-json\/wp\/v2\/types\/page"}],"author":[{"embeddable":true,"href":"https:\/\/diasasoluciones.com\/en\/wp-json\/wp\/v2\/users\/1"}],"replies":[{"embeddable":true,"href":"https:\/\/diasasoluciones.com\/en\/wp-json\/wp\/v2\/comments?post=2901"}],"version-history":[{"count":0,"href":"https:\/\/diasasoluciones.com\/en\/wp-json\/wp\/v2\/pages\/2901\/revisions"}],"wp:attachment":[{"href":"https:\/\/diasasoluciones.com\/en\/wp-json\/wp\/v2\/media?parent=2901"}],"curies":[{"name":"wp","href":"https:\/\/api.w.org\/{rel}","templated":true}]}}